{"id":947,"date":"2023-02-27T13:46:55","date_gmt":"2023-02-27T13:46:55","guid":{"rendered":"https:\/\/pinaguzelliksalonu.com\/?page_id=947"},"modified":"2025-11-24T12:19:27","modified_gmt":"2025-11-24T09:19:27","slug":"maltepe-epilasyon","status":"publish","type":"page","link":"https:\/\/pinaguzelliksalonu.com\/en\/maltepe-epilasyon\/","title":{"rendered":"Epilation"},"content":{"rendered":"<div data-elementor-type=\"wp-page\" data-elementor-id=\"947\" class=\"elementor elementor-947\" data-elementor-post-type=\"page\">\n\t\t\t\t\t\t<section class=\"elementor-section elementor-top-section elementor-element elementor-element-36ce77fb elementor-section-boxed elementor-section-height-default elementor-section-height-default\" data-id=\"36ce77fb\" data-element_type=\"section\">\n\t\t\t\t\t\t<div class=\"elementor-container elementor-column-gap-default\">\n\t\t\t\t\t<div class=\"elementor-column elementor-col-100 elementor-top-column elementor-element elementor-element-60d3f709\" data-id=\"60d3f709\" data-element_type=\"column\">\n\t\t\t<div class=\"elementor-widget-wrap elementor-element-populated\">\n\t\t\t\t\t\t<div class=\"elementor-element elementor-element-4410049 elementor-widget elementor-widget-spacer\" data-id=\"4410049\" data-element_type=\"widget\" data-widget_type=\"spacer.default\">\n\t\t\t\t<div class=\"elementor-widget-container\">\n\t\t\t\t\t<div class=\"elementor-spacer\">\n\t\t\t<div class=\"elementor-spacer-inner\"><\/div>\n\t\t<\/div>\n\t\t\t\t<\/div>\n\t\t\t\t<\/div>\n\t\t\t\t<div class=\"elementor-element elementor-element-dfecec0 elementor-widget elementor-widget-heading\" data-id=\"dfecec0\" data-element_type=\"widget\" data-widget_type=\"heading.default\">\n\t\t\t\t<div class=\"elementor-widget-container\">\n\t\t\t<h1 class=\"elementor-heading-title elementor-size-xxl\">Epilation<\/h1>\t\t<\/div>\n\t\t\t\t<\/div>\n\t\t\t\t<section class=\"elementor-section elementor-inner-section elementor-element elementor-element-cf12527 elementor-section-boxed elementor-section-height-default elementor-section-height-default\" data-id=\"cf12527\" data-element_type=\"section\">\n\t\t\t\t\t\t<div class=\"elementor-container elementor-column-gap-default\">\n\t\t\t\t\t<div class=\"elementor-column elementor-col-33 elementor-inner-column elementor-element elementor-element-41875c8\" data-id=\"41875c8\" data-element_type=\"column\">\n\t\t\t<div class=\"elementor-widget-wrap elementor-element-populated\">\n\t\t\t\t\t\t<div data-ep-wrapper-link=\"{&quot;url&quot;:&quot;https:\\\/\\\/pinaguzelliksalonu.com\\\/maltepe-buz-lazer-epilasyon\\\/&quot;,&quot;is_external&quot;:&quot;&quot;,&quot;nofollow&quot;:&quot;&quot;,&quot;custom_attributes&quot;:&quot;&quot;}\" style=\"cursor: pointer\" class=\"bdt-element-link elementor-element elementor-element-be7936d elementor-widget elementor-widget-image\" data-id=\"be7936d\" data-element_type=\"widget\" data-widget_type=\"image.default\">\n\t\t\t\t<div class=\"elementor-widget-container\">\n\t\t\t\t\t\t\t\t\t\t\t\t\t\t<a href=\"https:\/\/pinaguzelliksalonu.com\/en\/maltepe-buz-lazer-epilasyon\/\">\n\t\t\t\t\t\t\t<img fetchpriority=\"high\" decoding=\"async\" width=\"1000\" height=\"667\" src=\"https:\/\/pinaguzelliksalonu.com\/wp-content\/uploads\/2023\/03\/buz-lazer-epilasyon.webp\" class=\"attachment-full size-full wp-image-2648\" alt=\"Buz-lazer-epilasyon-yapan-uzman\" srcset=\"https:\/\/pinaguzelliksalonu.com\/wp-content\/uploads\/2023\/03\/buz-lazer-epilasyon.webp 1000w, https:\/\/pinaguzelliksalonu.com\/wp-content\/uploads\/2023\/03\/buz-lazer-epilasyon-300x200.webp 300w, https:\/\/pinaguzelliksalonu.com\/wp-content\/uploads\/2023\/03\/buz-lazer-epilasyon-768x512.webp 768w, https:\/\/pinaguzelliksalonu.com\/wp-content\/uploads\/2023\/03\/buz-lazer-epilasyon-18x12.webp 18w\" sizes=\"(max-width: 1000px) 100vw, 1000px\" \/>\t\t\t\t\t\t\t\t<\/a>\n\t\t\t\t\t\t\t\t\t\t\t\t\t<\/div>\n\t\t\t\t<\/div>\n\t\t\t\t<div data-ep-wrapper-link=\"{&quot;url&quot;:&quot;https:\\\/\\\/pinaguzelliksalonu.com\\\/maltepe-buz-lazer-epilasyon\\\/&quot;,&quot;is_external&quot;:&quot;&quot;,&quot;nofollow&quot;:&quot;&quot;,&quot;custom_attributes&quot;:&quot;&quot;}\" style=\"cursor: pointer\" class=\"bdt-element-link elementor-element elementor-element-c9062b3 elementor-widget elementor-widget-heading\" data-id=\"c9062b3\" data-element_type=\"widget\" data-widget_type=\"heading.default\">\n\t\t\t\t<div class=\"elementor-widget-container\">\n\t\t\t<h2 class=\"elementor-heading-title elementor-size-large\"><a href=\"https:\/\/pinaguzelliksalonu.com\/en\/maltepe-buz-lazer-epilasyon\/\">Ice Laser Epilation<\/a><\/h2>\t\t<\/div>\n\t\t\t\t<\/div>\n\t\t\t\t<div class=\"elementor-element elementor-element-e0d0bd2 elementor-widget elementor-widget-text-editor\" data-id=\"e0d0bd2\" data-element_type=\"widget\" data-widget_type=\"text-editor.default\">\n\t\t\t\t<div class=\"elementor-widget-container\">\n\t\t\t\t\t\t\t<p><span style=\"color: #000000;\"><a style=\"color: #000000;\" href=\"https:\/\/pinaguzelliksalonu.com\/en\/maltepe-buz-lazer-epilasyon\/\"><span style=\"font-size: 10pt;\">Buz lazer epilasyon, ciltteki melanin pigmentini hedef alarak t\u00fcy k\u00f6klerini yok eder. Buz lazer epilasyon fiyatlar\u0131, uygulanan b\u00f6lge, seans say\u0131s\u0131 ve merkezin kalitesine g\u00f6re de\u011fi\u015fir. Buz lazer epilasyonun avantajlar\u0131 aras\u0131nda a\u011fr\u0131s\u0131z, kal\u0131c\u0131 ve g\u00fcvenli olmas\u0131 say\u0131labilir.<\/span><\/a><\/span><\/p>\t\t\t\t\t\t<\/div>\n\t\t\t\t<\/div>\n\t\t\t\t\t<\/div>\n\t\t<\/div>\n\t\t\t\t<div class=\"elementor-column elementor-col-33 elementor-inner-column elementor-element elementor-element-85c2e70\" data-id=\"85c2e70\" data-element_type=\"column\">\n\t\t\t<div class=\"elementor-widget-wrap elementor-element-populated\">\n\t\t\t\t\t\t<div data-ep-wrapper-link=\"{&quot;url&quot;:&quot;https:\\\/\\\/pinaguzelliksalonu.com\\\/maltepe-lazer-epilasyon\\\/&quot;,&quot;is_external&quot;:&quot;&quot;,&quot;nofollow&quot;:&quot;&quot;,&quot;custom_attributes&quot;:&quot;&quot;}\" style=\"cursor: pointer\" class=\"bdt-element-link elementor-element elementor-element-8809574 elementor-widget elementor-widget-image\" data-id=\"8809574\" data-element_type=\"widget\" data-widget_type=\"image.default\">\n\t\t\t\t<div class=\"elementor-widget-container\">\n\t\t\t\t\t\t\t\t\t\t\t\t\t\t<a href=\"https:\/\/pinaguzelliksalonu.com\/en\/maltepe-lazer-epilasyon\/\">\n\t\t\t\t\t\t\t<img decoding=\"async\" width=\"1000\" height=\"667\" src=\"https:\/\/pinaguzelliksalonu.com\/wp-content\/uploads\/2023\/02\/lazer-epilasyon-maltepe.webp\" class=\"attachment-full size-full wp-image-1280\" alt=\"lazer-epilasyon-maltepe\" srcset=\"https:\/\/pinaguzelliksalonu.com\/wp-content\/uploads\/2023\/02\/lazer-epilasyon-maltepe.webp 1000w, https:\/\/pinaguzelliksalonu.com\/wp-content\/uploads\/2023\/02\/lazer-epilasyon-maltepe-300x200.webp 300w, https:\/\/pinaguzelliksalonu.com\/wp-content\/uploads\/2023\/02\/lazer-epilasyon-maltepe-768x512.webp 768w, https:\/\/pinaguzelliksalonu.com\/wp-content\/uploads\/2023\/02\/lazer-epilasyon-maltepe-18x12.webp 18w\" sizes=\"(max-width: 1000px) 100vw, 1000px\" \/>\t\t\t\t\t\t\t\t<\/a>\n\t\t\t\t\t\t\t\t\t\t\t\t\t<\/div>\n\t\t\t\t<\/div>\n\t\t\t\t<div data-ep-wrapper-link=\"{&quot;url&quot;:&quot;https:\\\/\\\/pinaguzelliksalonu.com\\\/maltepe-lazer-epilasyon\\\/&quot;,&quot;is_external&quot;:&quot;&quot;,&quot;nofollow&quot;:&quot;&quot;,&quot;custom_attributes&quot;:&quot;&quot;}\" style=\"cursor: pointer\" class=\"bdt-element-link elementor-element elementor-element-038d08a elementor-widget elementor-widget-heading\" data-id=\"038d08a\" data-element_type=\"widget\" data-widget_type=\"heading.default\">\n\t\t\t\t<div class=\"elementor-widget-container\">\n\t\t\t<h2 class=\"elementor-heading-title elementor-size-large\"><a href=\"https:\/\/pinaguzelliksalonu.com\/en\/maltepe-lazer-epilasyon\/\">Laser Epilation<\/a><\/h2>\t\t<\/div>\n\t\t\t\t<\/div>\n\t\t\t\t<div class=\"elementor-element elementor-element-d022aca elementor-widget elementor-widget-text-editor\" data-id=\"d022aca\" data-element_type=\"widget\" data-widget_type=\"text-editor.default\">\n\t\t\t\t<div class=\"elementor-widget-container\">\n\t\t\t\t\t\t\t<p><a href=\"https:\/\/pinaguzelliksalonu.com\/en\/maltepe-lazer-epilasyon\/\"><span style=\"color: #000000;\"><span style=\"font-size: 10pt;\">Lazer epilasyon, cilt ve k\u0131l tipine g\u00f6re farkl\u0131 cihazlarla yap\u0131labilir. Lazer epilasyon fiyatlar\u0131 ise uygulama yap\u0131lacak b\u00f6lge, seans say\u0131s\u0131 ve kullan\u0131lan cihaza g\u00f6re de\u011fi\u015fiklik g\u00f6sterir.<\/span><\/span><\/a><\/p>\t\t\t\t\t\t<\/div>\n\t\t\t\t<\/div>\n\t\t\t\t\t<\/div>\n\t\t<\/div>\n\t\t\t\t<div class=\"elementor-column elementor-col-33 elementor-inner-column elementor-element elementor-element-fc23080\" data-id=\"fc23080\" data-element_type=\"column\">\n\t\t\t<div class=\"elementor-widget-wrap elementor-element-populated\">\n\t\t\t\t\t\t<div data-ep-wrapper-link=\"{&quot;url&quot;:&quot;https:\\\/\\\/pinaguzelliksalonu.com\\\/agda-salonu\\\/&quot;,&quot;is_external&quot;:&quot;&quot;,&quot;nofollow&quot;:&quot;&quot;,&quot;custom_attributes&quot;:&quot;&quot;}\" style=\"cursor: pointer\" class=\"bdt-element-link elementor-element elementor-element-f90e3ff elementor-widget elementor-widget-image\" data-id=\"f90e3ff\" data-element_type=\"widget\" data-widget_type=\"image.default\">\n\t\t\t\t<div class=\"elementor-widget-container\">\n\t\t\t\t\t\t\t\t\t\t\t\t\t\t<a href=\"https:\/\/pinaguzelliksalonu.com\/en\/agda-salonu\/\">\n\t\t\t\t\t\t\t<img decoding=\"async\" width=\"1000\" height=\"665\" src=\"https:\/\/pinaguzelliksalonu.com\/wp-content\/uploads\/2023\/02\/maltepe-agda-salonu-1.webp\" class=\"attachment-full size-full wp-image-5018\" alt=\"agda-salonu\" srcset=\"https:\/\/pinaguzelliksalonu.com\/wp-content\/uploads\/2023\/02\/maltepe-agda-salonu-1.webp 1000w, https:\/\/pinaguzelliksalonu.com\/wp-content\/uploads\/2023\/02\/maltepe-agda-salonu-1-300x200.webp 300w, https:\/\/pinaguzelliksalonu.com\/wp-content\/uploads\/2023\/02\/maltepe-agda-salonu-1-768x511.webp 768w, https:\/\/pinaguzelliksalonu.com\/wp-content\/uploads\/2023\/02\/maltepe-agda-salonu-1-18x12.webp 18w\" sizes=\"(max-width: 1000px) 100vw, 1000px\" \/>\t\t\t\t\t\t\t\t<\/a>\n\t\t\t\t\t\t\t\t\t\t\t\t\t<\/div>\n\t\t\t\t<\/div>\n\t\t\t\t<div data-ep-wrapper-link=\"{&quot;url&quot;:&quot;https:\\\/\\\/pinaguzelliksalonu.com\\\/agda-salonu\\\/&quot;,&quot;is_external&quot;:&quot;&quot;,&quot;nofollow&quot;:&quot;&quot;,&quot;custom_attributes&quot;:&quot;&quot;}\" style=\"cursor: pointer\" class=\"bdt-element-link elementor-element elementor-element-3a5e780 elementor-widget elementor-widget-heading\" data-id=\"3a5e780\" data-element_type=\"widget\" data-widget_type=\"heading.default\">\n\t\t\t\t<div class=\"elementor-widget-container\">\n\t\t\t<h2 class=\"elementor-heading-title elementor-size-large\"><a href=\"https:\/\/pinaguzelliksalonu.com\/en\/agda-salonu\/\">Waxing Salon<\/a><\/h2>\t\t<\/div>\n\t\t\t\t<\/div>\n\t\t\t\t<div class=\"elementor-element elementor-element-41f1274 elementor-widget elementor-widget-text-editor\" data-id=\"41f1274\" data-element_type=\"widget\" data-widget_type=\"text-editor.default\">\n\t\t\t\t<div class=\"elementor-widget-container\">\n\t\t\t\t\t\t\t<p><span style=\"color: #000000;\"><a style=\"color: #000000;\" href=\"https:\/\/pinaguzelliksalonu.com\/en\/agda-salonu\/\"><span style=\"font-size: 10pt;\">Pina A\u011fda salonu ile v\u00fccuttaki istenmeyen t\u00fcylerinizden steril bir ortamda kurtulun. Kad\u0131n ve Erkek a\u011fda salonu olarakta hizmet vermekteyiz.\u00a0 Sir A\u011fda, t\u00fcyleri k\u00f6k\u00fcnden \u00e7ekerek uzun s\u00fcreli bir temizlik sa\u011flar.\u00a0<\/span><\/a><\/span><\/p>\t\t\t\t\t\t<\/div>\n\t\t\t\t<\/div>\n\t\t\t\t\t<\/div>\n\t\t<\/div>\n\t\t\t\t\t<\/div>\n\t\t<\/section>\n\t\t\t\t<section class=\"elementor-section elementor-inner-section elementor-element elementor-element-1a09be9 elementor-section-boxed elementor-section-height-default elementor-section-height-default\" data-id=\"1a09be9\" data-element_type=\"section\">\n\t\t\t\t\t\t<div class=\"elementor-container elementor-column-gap-default\">\n\t\t\t\t\t<div class=\"elementor-column elementor-col-33 elementor-inner-column elementor-element elementor-element-cc91dcb\" data-id=\"cc91dcb\" data-element_type=\"column\">\n\t\t\t<div class=\"elementor-widget-wrap elementor-element-populated\">\n\t\t\t\t\t\t<div data-ep-wrapper-link=\"{&quot;url&quot;:&quot;https:\\\/\\\/pinaguzelliksalonu.com\\\/igneli-epilasyon\\\/&quot;,&quot;is_external&quot;:&quot;&quot;,&quot;nofollow&quot;:&quot;&quot;,&quot;custom_attributes&quot;:&quot;&quot;}\" style=\"cursor: pointer\" class=\"bdt-element-link elementor-element elementor-element-2b4b5d0 elementor-widget elementor-widget-image\" data-id=\"2b4b5d0\" data-element_type=\"widget\" data-widget_type=\"image.default\">\n\t\t\t\t<div class=\"elementor-widget-container\">\n\t\t\t\t\t\t\t\t\t\t\t\t\t\t<a href=\"https:\/\/pinaguzelliksalonu.com\/en\/igneli-epilasyon\/\">\n\t\t\t\t\t\t\t<img loading=\"lazy\" decoding=\"async\" width=\"2459\" height=\"1844\" src=\"https:\/\/pinaguzelliksalonu.com\/wp-content\/uploads\/2023\/02\/maltepe-igneli-epilasyon.webp\" class=\"attachment-full size-full wp-image-6123\" alt=\"igneli-epilasyon\" srcset=\"https:\/\/pinaguzelliksalonu.com\/wp-content\/uploads\/2023\/02\/maltepe-igneli-epilasyon.webp 2459w, https:\/\/pinaguzelliksalonu.com\/wp-content\/uploads\/2023\/02\/maltepe-igneli-epilasyon-768x576.webp 768w, https:\/\/pinaguzelliksalonu.com\/wp-content\/uploads\/2023\/02\/maltepe-igneli-epilasyon-1536x1152.webp 1536w, https:\/\/pinaguzelliksalonu.com\/wp-content\/uploads\/2023\/02\/maltepe-igneli-epilasyon-2048x1536.webp 2048w, https:\/\/pinaguzelliksalonu.com\/wp-content\/uploads\/2023\/02\/maltepe-igneli-epilasyon-16x12.webp 16w\" sizes=\"(max-width: 2459px) 100vw, 2459px\" \/>\t\t\t\t\t\t\t\t<\/a>\n\t\t\t\t\t\t\t\t\t\t\t\t\t<\/div>\n\t\t\t\t<\/div>\n\t\t\t\t<div data-ep-wrapper-link=\"{&quot;url&quot;:&quot;https:\\\/\\\/pinaguzelliksalonu.com\\\/igneli-epilasyon\\\/&quot;,&quot;is_external&quot;:&quot;&quot;,&quot;nofollow&quot;:&quot;&quot;,&quot;custom_attributes&quot;:&quot;&quot;}\" style=\"cursor: pointer\" class=\"bdt-element-link elementor-element elementor-element-95b5311 elementor-widget elementor-widget-heading\" data-id=\"95b5311\" data-element_type=\"widget\" data-widget_type=\"heading.default\">\n\t\t\t\t<div class=\"elementor-widget-container\">\n\t\t\t<h2 class=\"elementor-heading-title elementor-size-large\"><a href=\"https:\/\/pinaguzelliksalonu.com\/en\/igneli-epilasyon\/\">Needle Epilation<\/a><\/h2>\t\t<\/div>\n\t\t\t\t<\/div>\n\t\t\t\t<div class=\"elementor-element elementor-element-e55c2b7 elementor-widget elementor-widget-text-editor\" data-id=\"e55c2b7\" data-element_type=\"widget\" data-widget_type=\"text-editor.default\">\n\t\t\t\t<div class=\"elementor-widget-container\">\n\t\t\t\t\t\t\t<p><span style=\"color: #000000;\"><a style=\"color: #000000;\" href=\"https:\/\/pinaguzelliksalonu.com\/en\/igneli-epilasyon\/\"><span style=\"font-size: 10pt;\">\u0130\u011fneli epilasyon, t\u00fcy k\u00f6klerini elektrik ak\u0131m\u0131 vererek yakma y\u00f6ntemidir. \u0130\u011fneli epilasyon, k\u0131l rengi a\u00e7\u0131k veya k\u0131l kal\u0131nl\u0131\u011f\u0131 ince olan ki\u015filer i\u00e7in etkili bir y\u00f6ntemdir. \u0130\u011fneli epilasyon fiyatlar\u0131, uygulanan b\u00f6lgeye, k\u0131l yo\u011funlu\u011funa ve seans say\u0131s\u0131na g\u00f6re de\u011fi\u015fir.<\/span><\/a><\/span><\/p>\t\t\t\t\t\t<\/div>\n\t\t\t\t<\/div>\n\t\t\t\t\t<\/div>\n\t\t<\/div>\n\t\t\t\t<div class=\"elementor-column elementor-col-33 elementor-inner-column elementor-element elementor-element-4322468\" data-id=\"4322468\" data-element_type=\"column\">\n\t\t\t<div class=\"elementor-widget-wrap elementor-element-populated\">\n\t\t\t\t\t\t<div data-ep-wrapper-link=\"{&quot;url&quot;:&quot;https:\\\/\\\/pinaguzelliksalonu.com\\\/maltepe-erkek-lazer-epilasyon\\\/&quot;,&quot;is_external&quot;:&quot;&quot;,&quot;nofollow&quot;:&quot;&quot;,&quot;custom_attributes&quot;:&quot;&quot;}\" style=\"cursor: pointer\" class=\"bdt-element-link elementor-element elementor-element-4a37757 elementor-widget elementor-widget-image\" data-id=\"4a37757\" data-element_type=\"widget\" data-widget_type=\"image.default\">\n\t\t\t\t<div class=\"elementor-widget-container\">\n\t\t\t\t\t\t\t\t\t\t\t\t\t\t<a href=\"https:\/\/pinaguzelliksalonu.com\/en\/erkek-lazer-epilasyon\/\">\n\t\t\t\t\t\t\t<img loading=\"lazy\" decoding=\"async\" width=\"2560\" height=\"1663\" src=\"https:\/\/pinaguzelliksalonu.com\/wp-content\/uploads\/2023\/05\/erkek-sirt-lazer-epilasyon-maltepe-pina-guzellik-salonu-scaled.webp\" class=\"attachment-full size-full wp-image-5965\" alt=\"erkek-lazer-epilasyon\" srcset=\"https:\/\/pinaguzelliksalonu.com\/wp-content\/uploads\/2023\/05\/erkek-sirt-lazer-epilasyon-maltepe-pina-guzellik-salonu-scaled.webp 2560w, https:\/\/pinaguzelliksalonu.com\/wp-content\/uploads\/2023\/05\/erkek-sirt-lazer-epilasyon-maltepe-pina-guzellik-salonu-768x499.webp 768w, https:\/\/pinaguzelliksalonu.com\/wp-content\/uploads\/2023\/05\/erkek-sirt-lazer-epilasyon-maltepe-pina-guzellik-salonu-1536x998.webp 1536w, https:\/\/pinaguzelliksalonu.com\/wp-content\/uploads\/2023\/05\/erkek-sirt-lazer-epilasyon-maltepe-pina-guzellik-salonu-2048x1330.webp 2048w, https:\/\/pinaguzelliksalonu.com\/wp-content\/uploads\/2023\/05\/erkek-sirt-lazer-epilasyon-maltepe-pina-guzellik-salonu-18x12.webp 18w\" sizes=\"(max-width: 2560px) 100vw, 2560px\" \/>\t\t\t\t\t\t\t\t<\/a>\n\t\t\t\t\t\t\t\t\t\t\t\t\t<\/div>\n\t\t\t\t<\/div>\n\t\t\t\t<div data-ep-wrapper-link=\"{&quot;url&quot;:&quot;https:\\\/\\\/pinaguzelliksalonu.com\\\/maltepe-erkek-lazer-epilasyon\\\/&quot;,&quot;is_external&quot;:&quot;&quot;,&quot;nofollow&quot;:&quot;&quot;,&quot;custom_attributes&quot;:&quot;&quot;}\" style=\"cursor: pointer\" class=\"bdt-element-link elementor-element elementor-element-c32cb21 elementor-widget elementor-widget-heading\" data-id=\"c32cb21\" data-element_type=\"widget\" data-widget_type=\"heading.default\">\n\t\t\t\t<div class=\"elementor-widget-container\">\n\t\t\t<h2 class=\"elementor-heading-title elementor-size-large\"><a href=\"https:\/\/pinaguzelliksalonu.com\/en\/erkek-lazer-epilasyon\/\">Male Laser Epilation<\/a><\/h2>\t\t<\/div>\n\t\t\t\t<\/div>\n\t\t\t\t<div class=\"elementor-element elementor-element-d20b245 elementor-widget elementor-widget-text-editor\" data-id=\"d20b245\" data-element_type=\"widget\" data-widget_type=\"text-editor.default\">\n\t\t\t\t<div class=\"elementor-widget-container\">\n\t\t\t\t\t\t\t<p><span style=\"color: #000000;\"><a style=\"color: #000000;\" href=\"https:\/\/pinaguzelliksalonu.com\/en\/erkek-lazer-epilasyon\/\"><span style=\"font-size: 10pt;\">Erkek lazer epilasyon, erkeklerin istenmeyen t\u00fcylerinden kurtulmak i\u00e7in kulland\u0131klar\u0131 bir y\u00f6ntemdir. Erkek lazer epilasyon fiyatlar\u0131, uygulanan b\u00f6lgeye, seans say\u0131s\u0131na g\u00f6re de\u011fi\u015fir. T\u00fcm v\u00fccut epilasyon erkek fiyat\u0131 ise, di\u011fer b\u00f6lgelere g\u00f6re daha y\u00fcksektir.\u00a0<\/span><\/a><\/span><\/p>\t\t\t\t\t\t<\/div>\n\t\t\t\t<\/div>\n\t\t\t\t\t<\/div>\n\t\t<\/div>\n\t\t\t\t<div class=\"elementor-column elementor-col-33 elementor-inner-column elementor-element elementor-element-fdbba3d\" data-id=\"fdbba3d\" data-element_type=\"column\">\n\t\t\t<div class=\"elementor-widget-wrap elementor-element-populated\">\n\t\t\t\t\t\t<div class=\"elementor-element elementor-element-845a037 elementor-widget elementor-widget-spacer\" data-id=\"845a037\" data-element_type=\"widget\" data-widget_type=\"spacer.default\">\n\t\t\t\t<div class=\"elementor-widget-container\">\n\t\t\t\t\t<div class=\"elementor-spacer\">\n\t\t\t<div class=\"elementor-spacer-inner\"><\/div>\n\t\t<\/div>\n\t\t\t\t<\/div>\n\t\t\t\t<\/div>\n\t\t\t\t<div class=\"elementor-element elementor-element-e441ec3 elementor-widget elementor-widget-image\" data-id=\"e441ec3\" data-element_type=\"widget\" data-widget_type=\"image.default\">\n\t\t\t\t<div class=\"elementor-widget-container\">\n\t\t\t\t\t\t\t\t\t\t\t\t\t<img loading=\"lazy\" decoding=\"async\" width=\"512\" height=\"512\" src=\"https:\/\/pinaguzelliksalonu.com\/wp-content\/uploads\/2023\/03\/LOGO-PINA.png\" class=\"attachment-full size-full wp-image-4086\" alt=\"pina-guzellik-salonu-logo\" srcset=\"https:\/\/pinaguzelliksalonu.com\/wp-content\/uploads\/2023\/03\/LOGO-PINA.png 512w, https:\/\/pinaguzelliksalonu.com\/wp-content\/uploads\/2023\/03\/LOGO-PINA-300x300.png 300w, https:\/\/pinaguzelliksalonu.com\/wp-content\/uploads\/2023\/03\/LOGO-PINA-150x150.png 150w, https:\/\/pinaguzelliksalonu.com\/wp-content\/uploads\/2023\/03\/LOGO-PINA-12x12.png 12w\" sizes=\"(max-width: 512px) 100vw, 512px\" \/>\t\t\t\t\t\t\t\t\t\t\t\t\t<\/div>\n\t\t\t\t<\/div>\n\t\t\t\t\t<\/div>\n\t\t<\/div>\n\t\t\t\t\t<\/div>\n\t\t<\/section>\n\t\t\t\t<div class=\"elementor-element elementor-element-f7596df elementor-widget elementor-widget-spacer\" data-id=\"f7596df\" data-element_type=\"widget\" data-widget_type=\"spacer.default\">\n\t\t\t\t<div class=\"elementor-widget-container\">\n\t\t\t\t\t<div class=\"elementor-spacer\">\n\t\t\t<div class=\"elementor-spacer-inner\"><\/div>\n\t\t<\/div>\n\t\t\t\t<\/div>\n\t\t\t\t<\/div>\n\t\t\t\t<div class=\"elementor-element elementor-element-405b3fcd elementor-skin-carousel elementor-arrows-yes elementor-pagination-type-bullets elementor-pagination-position-outside elementor-widget elementor-widget-media-carousel\" data-id=\"405b3fcd\" data-element_type=\"widget\" data-settings=\"{&quot;skin&quot;:&quot;carousel&quot;,&quot;effect&quot;:&quot;slide&quot;,&quot;show_arrows&quot;:&quot;yes&quot;,&quot;pagination&quot;:&quot;bullets&quot;,&quot;speed&quot;:500,&quot;autoplay&quot;:&quot;yes&quot;,&quot;autoplay_speed&quot;:5000,&quot;loop&quot;:&quot;yes&quot;,&quot;pause_on_hover&quot;:&quot;yes&quot;,&quot;pause_on_interaction&quot;:&quot;yes&quot;,&quot;space_between&quot;:{&quot;unit&quot;:&quot;px&quot;,&quot;size&quot;:10,&quot;sizes&quot;:[]},&quot;space_between_tablet&quot;:{&quot;unit&quot;:&quot;px&quot;,&quot;size&quot;:10,&quot;sizes&quot;:[]},&quot;space_between_mobile&quot;:{&quot;unit&quot;:&quot;px&quot;,&quot;size&quot;:10,&quot;sizes&quot;:[]}}\" data-widget_type=\"media-carousel.default\">\n\t\t\t\t<div class=\"elementor-widget-container\">\n\t\t\t\t\t<div class=\"elementor-swiper\">\n\t\t\t<div class=\"elementor-main-swiper swiper\">\n\t\t\t\t<div class=\"swiper-wrapper\">\n\t\t\t\t\t\t\t\t\t\t\t<div class=\"swiper-slide\">\n\t\t\t\t\t\t\t\t\t<div class=\"elementor-carousel-image\" role=\"img\" aria-label=\"Buz-lazer-epilasyon-yapan-uzman\" style=\"background-image: url(&#039;https:\/\/pinaguzelliksalonu.com\/wp-content\/uploads\/2023\/03\/buz-lazer-epilasyon.webp&#039;)\">\n\n\t\t\t\n\t\t\t\t\t<\/div>\n\t\t\t\t\t\t\t\t<\/div>\n\t\t\t\t\t\t\t\t\t\t\t<div class=\"swiper-slide\">\n\t\t\t\t\t\t\t\t\t<div class=\"elementor-carousel-image\" role=\"img\" aria-label=\"maltepe-igneli-epilasyon\" style=\"background-image: url(&#039;https:\/\/pinaguzelliksalonu.com\/wp-content\/uploads\/2023\/03\/igneli-epilasyon-fiyatlari.webp&#039;)\">\n\n\t\t\t\n\t\t\t\t\t<\/div>\n\t\t\t\t\t\t\t\t<\/div>\n\t\t\t\t\t\t\t\t\t\t\t<div class=\"swiper-slide\">\n\t\t\t\t\t\t\t\t\t<div class=\"elementor-carousel-image\" role=\"img\" aria-label=\"agda-salonu\" style=\"background-image: url(&#039;https:\/\/pinaguzelliksalonu.com\/wp-content\/uploads\/2023\/02\/maltepe-agda-salonu-1.webp&#039;)\">\n\n\t\t\t\n\t\t\t\t\t<\/div>\n\t\t\t\t\t\t\t\t<\/div>\n\t\t\t\t\t\t\t\t\t<\/div>\n\t\t\t\t\t\t\t\t\t\t\t\t\t\t\t<div class=\"swiper-pagination\"><\/div>\n\t\t\t\t\t\t\t\t\t\t\t\t\t\t\t\t<div class=\"elementor-swiper-button elementor-swiper-button-prev\" role=\"button\" tabindex=\"0\">\n\t\t\t\t\t\t\t<i aria-hidden=\"true\" class=\"eicon-chevron-left\"><\/i>\t\t\t\t\t\t\t<span class=\"elementor-screen-only\">Previous<\/span>\n\t\t\t\t\t\t<\/div>\n\t\t\t\t\t\t<div class=\"elementor-swiper-button elementor-swiper-button-next\" role=\"button\" tabindex=\"0\">\n\t\t\t\t\t\t\t<i aria-hidden=\"true\" class=\"eicon-chevron-right\"><\/i>\t\t\t\t\t\t\t<span class=\"elementor-screen-only\">Next<\/span>\n\t\t\t\t\t\t<\/div>\n\t\t\t\t\t\t\t\t\t\t\t\t<\/div>\n\t\t<\/div>\n\t\t\t\t<\/div>\n\t\t\t\t<\/div>\n\t\t\t\t\t<\/div>\n\t\t<\/div>\n\t\t\t\t\t<\/div>\n\t\t<\/section>\n\t\t\t\t<\/div>","protected":false},"excerpt":{"rendered":"<p>Epilasyon Buz Lazer Epilasyon Buz lazer epilasyon, ciltteki melanin pigmentini hedef alarak t\u00fcy k\u00f6klerini yok eder. Buz lazer epilasyon fiyatlar\u0131, uygulanan b\u00f6lge, seans say\u0131s\u0131 ve merkezin kalitesine g\u00f6re de\u011fi\u015fir. Buz lazer epilasyonun avantajlar\u0131 aras\u0131nda a\u011fr\u0131s\u0131z, kal\u0131c\u0131 ve g\u00fcvenli olmas\u0131 say\u0131labilir. Lazer Epilasyon Lazer epilasyon, cilt ve k\u0131l tipine g\u00f6re farkl\u0131 cihazlarla yap\u0131labilir. Lazer epilasyon fiyatlar\u0131 [&hellip;]<\/p>","protected":false},"author":2,"featured_media":1280,"parent":0,"menu_order":0,"comment_status":"closed","ping_status":"closed","template":"","meta":{"footnotes":""},"class_list":["post-947","page","type-page","status-publish","has-post-thumbnail","hentry"],"_links":{"self":[{"href":"https:\/\/pinaguzelliksalonu.com\/en\/wp-json\/wp\/v2\/pages\/947","targetHints":{"allow":["GET"]}}],"collection":[{"href":"https:\/\/pinaguzelliksalonu.com\/en\/wp-json\/wp\/v2\/pages"}],"about":[{"href":"https:\/\/pinaguzelliksalonu.com\/en\/wp-json\/wp\/v2\/types\/page"}],"author":[{"embeddable":true,"href":"https:\/\/pinaguzelliksalonu.com\/en\/wp-json\/wp\/v2\/users\/2"}],"replies":[{"embeddable":true,"href":"https:\/\/pinaguzelliksalonu.com\/en\/wp-json\/wp\/v2\/comments?post=947"}],"version-history":[{"count":34,"href":"https:\/\/pinaguzelliksalonu.com\/en\/wp-json\/wp\/v2\/pages\/947\/revisions"}],"predecessor-version":[{"id":7405,"href":"https:\/\/pinaguzelliksalonu.com\/en\/wp-json\/wp\/v2\/pages\/947\/revisions\/7405"}],"wp:featuredmedia":[{"embeddable":true,"href":"https:\/\/pinaguzelliksalonu.com\/en\/wp-json\/wp\/v2\/media\/1280"}],"wp:attachment":[{"href":"https:\/\/pinaguzelliksalonu.com\/en\/wp-json\/wp\/v2\/media?parent=947"}],"curies":[{"name":"wp","href":"https:\/\/api.w.org\/{rel}","templated":true}]}}