{"id":5704,"date":"2023-09-13T16:49:44","date_gmt":"2023-09-13T13:49:44","guid":{"rendered":"https:\/\/pinaguzelliksalonu.com\/?page_id=5704"},"modified":"2024-11-22T16:35:36","modified_gmt":"2024-11-22T13:35:36","slug":"cilt-bakimi-uygulamalari","status":"publish","type":"page","link":"https:\/\/pinaguzelliksalonu.com\/en\/cilt-bakimi-uygulamalari\/","title":{"rendered":"Skin care"},"content":{"rendered":"<div data-elementor-type=\"wp-page\" data-elementor-id=\"5704\" class=\"elementor elementor-5704\" data-elementor-post-type=\"page\">\n\t\t\t\t\t\t<section class=\"elementor-section elementor-top-section elementor-element elementor-element-eebda93 elementor-section-boxed elementor-section-height-default elementor-section-height-default\" data-id=\"eebda93\" data-element_type=\"section\">\n\t\t\t\t\t\t<div class=\"elementor-container elementor-column-gap-default\">\n\t\t\t\t\t<div class=\"elementor-column elementor-col-100 elementor-top-column elementor-element elementor-element-684b6d2\" data-id=\"684b6d2\" data-element_type=\"column\">\n\t\t\t<div class=\"elementor-widget-wrap elementor-element-populated\">\n\t\t\t\t\t\t<div class=\"elementor-element elementor-element-b34c552 elementor-widget elementor-widget-spacer\" data-id=\"b34c552\" data-element_type=\"widget\" data-widget_type=\"spacer.default\">\n\t\t\t\t<div class=\"elementor-widget-container\">\n\t\t\t\t\t<div class=\"elementor-spacer\">\n\t\t\t<div class=\"elementor-spacer-inner\"><\/div>\n\t\t<\/div>\n\t\t\t\t<\/div>\n\t\t\t\t<\/div>\n\t\t\t\t<div class=\"elementor-element elementor-element-35a8417 elementor-widget elementor-widget-heading\" data-id=\"35a8417\" data-element_type=\"widget\" data-widget_type=\"heading.default\">\n\t\t\t\t<div class=\"elementor-widget-container\">\n\t\t\t<h1 class=\"elementor-heading-title elementor-size-large\">Skin Care Applications<\/h1>\t\t<\/div>\n\t\t\t\t<\/div>\n\t\t\t\t<section class=\"elementor-section elementor-inner-section elementor-element elementor-element-b43c4da elementor-section-boxed elementor-section-height-default elementor-section-height-default\" data-id=\"b43c4da\" data-element_type=\"section\">\n\t\t\t\t\t\t<div class=\"elementor-container elementor-column-gap-default\">\n\t\t\t\t\t<div class=\"elementor-column elementor-col-50 elementor-inner-column elementor-element elementor-element-b76adc2\" data-id=\"b76adc2\" data-element_type=\"column\">\n\t\t\t<div class=\"elementor-widget-wrap elementor-element-populated\">\n\t\t\t\t\t\t<div data-ep-wrapper-link=\"{&quot;url&quot;:&quot;https:\\\/\\\/pinaguzelliksalonu.com\\\/leke-tedavisi\\\/&quot;,&quot;is_external&quot;:&quot;&quot;,&quot;nofollow&quot;:&quot;&quot;,&quot;custom_attributes&quot;:&quot;&quot;}\" style=\"cursor: pointer\" class=\"bdt-element-link elementor-element elementor-element-abaf721 elementor-widget elementor-widget-image\" data-id=\"abaf721\" data-element_type=\"widget\" data-widget_type=\"image.default\">\n\t\t\t\t<div class=\"elementor-widget-container\">\n\t\t\t\t\t\t\t\t\t\t\t\t\t\t<a href=\"https:\/\/pinaguzelliksalonu.com\/en\/leke-tedavisi\/\">\n\t\t\t\t\t\t\t<img fetchpriority=\"high\" decoding=\"async\" width=\"1000\" height=\"667\" src=\"https:\/\/pinaguzelliksalonu.com\/wp-content\/uploads\/2023\/03\/leke-tedavisi-oncesi-sonrasi-fotograf.webp\" class=\"attachment-full size-full wp-image-2705\" alt=\"leke-tedavisi\" srcset=\"https:\/\/pinaguzelliksalonu.com\/wp-content\/uploads\/2023\/03\/leke-tedavisi-oncesi-sonrasi-fotograf.webp 1000w, https:\/\/pinaguzelliksalonu.com\/wp-content\/uploads\/2023\/03\/leke-tedavisi-oncesi-sonrasi-fotograf-300x200.webp 300w, https:\/\/pinaguzelliksalonu.com\/wp-content\/uploads\/2023\/03\/leke-tedavisi-oncesi-sonrasi-fotograf-768x512.webp 768w, https:\/\/pinaguzelliksalonu.com\/wp-content\/uploads\/2023\/03\/leke-tedavisi-oncesi-sonrasi-fotograf-18x12.webp 18w\" sizes=\"(max-width: 1000px) 100vw, 1000px\" \/>\t\t\t\t\t\t\t\t<\/a>\n\t\t\t\t\t\t\t\t\t\t\t\t\t<\/div>\n\t\t\t\t<\/div>\n\t\t\t\t<div data-ep-wrapper-link=\"{&quot;url&quot;:&quot;https:\\\/\\\/pinaguzelliksalonu.com\\\/leke-tedavisi\\\/&quot;,&quot;is_external&quot;:&quot;&quot;,&quot;nofollow&quot;:&quot;&quot;,&quot;custom_attributes&quot;:&quot;&quot;}\" style=\"cursor: pointer\" class=\"bdt-element-link elementor-element elementor-element-daa2218 elementor-widget elementor-widget-heading\" data-id=\"daa2218\" data-element_type=\"widget\" data-widget_type=\"heading.default\">\n\t\t\t\t<div class=\"elementor-widget-container\">\n\t\t\t<h2 class=\"elementor-heading-title elementor-size-large\"><a href=\"https:\/\/pinaguzelliksalonu.com\/en\/leke-tedavisi\/\">Spot Treatment<\/a><\/h2>\t\t<\/div>\n\t\t\t\t<\/div>\n\t\t\t\t<div class=\"elementor-element elementor-element-456718b elementor-widget elementor-widget-text-editor\" data-id=\"456718b\" data-element_type=\"widget\" data-widget_type=\"text-editor.default\">\n\t\t\t\t<div class=\"elementor-widget-container\">\n\t\t\t\t\t\t\t<p><span style=\"color: #000000;\"><a style=\"color: #000000;\" href=\"https:\/\/pinaguzelliksalonu.com\/en\/leke-tedavisi\/\"><span style=\"font-size: 10pt;\">Blemish treatment is a method used to eliminate color changes on the skin. Blemish treatment prices vary depending on the type and size of the stain and the method used. There are options such as laser, chemical peeling and light therapy for spot treatment.\u00a0<\/span><\/a><\/span><\/p>\t\t\t\t\t\t<\/div>\n\t\t\t\t<\/div>\n\t\t\t\t\t<\/div>\n\t\t<\/div>\n\t\t\t\t<div class=\"elementor-column elementor-col-50 elementor-inner-column elementor-element elementor-element-3c35fd6\" data-id=\"3c35fd6\" data-element_type=\"column\">\n\t\t\t<div class=\"elementor-widget-wrap elementor-element-populated\">\n\t\t\t\t\t\t<div data-ep-wrapper-link=\"{&quot;url&quot;:&quot;https:\\\/\\\/pinaguzelliksalonu.com\\\/maltepe-cilt-bakimi\\\/&quot;,&quot;is_external&quot;:&quot;&quot;,&quot;nofollow&quot;:&quot;&quot;,&quot;custom_attributes&quot;:&quot;&quot;}\" style=\"cursor: pointer\" class=\"bdt-element-link elementor-element elementor-element-2d12b1b elementor-widget elementor-widget-image\" data-id=\"2d12b1b\" data-element_type=\"widget\" data-widget_type=\"image.default\">\n\t\t\t\t<div class=\"elementor-widget-container\">\n\t\t\t\t\t\t\t\t\t\t\t\t\t\t<a href=\"https:\/\/pinaguzelliksalonu.com\/en\/maltepe-cilt-bakimi\/\">\n\t\t\t\t\t\t\t<img decoding=\"async\" width=\"1200\" height=\"800\" src=\"https:\/\/pinaguzelliksalonu.com\/wp-content\/uploads\/2023\/09\/maltepe-cilt-bakimi-merkezi.webp\" class=\"attachment-full size-full wp-image-5571\" alt=\"profesyonel-cilt-bakimi-salonu\" srcset=\"https:\/\/pinaguzelliksalonu.com\/wp-content\/uploads\/2023\/09\/maltepe-cilt-bakimi-merkezi.webp 1200w, https:\/\/pinaguzelliksalonu.com\/wp-content\/uploads\/2023\/09\/maltepe-cilt-bakimi-merkezi-300x200.webp 300w, https:\/\/pinaguzelliksalonu.com\/wp-content\/uploads\/2023\/09\/maltepe-cilt-bakimi-merkezi-1024x683.webp 1024w, https:\/\/pinaguzelliksalonu.com\/wp-content\/uploads\/2023\/09\/maltepe-cilt-bakimi-merkezi-768x512.webp 768w, https:\/\/pinaguzelliksalonu.com\/wp-content\/uploads\/2023\/09\/maltepe-cilt-bakimi-merkezi-18x12.webp 18w\" sizes=\"(max-width: 1200px) 100vw, 1200px\" \/>\t\t\t\t\t\t\t\t<\/a>\n\t\t\t\t\t\t\t\t\t\t\t\t\t<\/div>\n\t\t\t\t<\/div>\n\t\t\t\t<div data-ep-wrapper-link=\"{&quot;url&quot;:&quot;https:\\\/\\\/pinaguzelliksalonu.com\\\/maltepe-cilt-bakimi\\\/&quot;,&quot;is_external&quot;:&quot;&quot;,&quot;nofollow&quot;:&quot;&quot;,&quot;custom_attributes&quot;:&quot;&quot;}\" style=\"cursor: pointer\" class=\"bdt-element-link elementor-element elementor-element-1bb76bf elementor-widget elementor-widget-heading\" data-id=\"1bb76bf\" data-element_type=\"widget\" data-widget_type=\"heading.default\">\n\t\t\t\t<div class=\"elementor-widget-container\">\n\t\t\t<h2 class=\"elementor-heading-title elementor-size-large\"><a href=\"https:\/\/pinaguzelliksalonu.com\/en\/maltepe-cilt-bakimi\/\">Medical Skin Care<\/a><\/h2>\t\t<\/div>\n\t\t\t\t<\/div>\n\t\t\t\t<div class=\"elementor-element elementor-element-9bdd874 elementor-widget elementor-widget-text-editor\" data-id=\"9bdd874\" data-element_type=\"widget\" data-widget_type=\"text-editor.default\">\n\t\t\t\t<div class=\"elementor-widget-container\">\n\t\t\t\t\t\t\t<p><span style=\"color: #000000;\"><a style=\"color: #000000;\" href=\"https:\/\/pinaguzelliksalonu.com\/en\/maltepe-cilt-bakimi\/\"><span style=\"font-size: 10pt;\">Medical skin care is a treatment method applied by experts to improve the health and appearance of the skin. Professional skin care prices may vary depending on the products used, procedures performed and the number of sessions.<\/span><\/a><\/span><\/p>\t\t\t\t\t\t<\/div>\n\t\t\t\t<\/div>\n\t\t\t\t\t<\/div>\n\t\t<\/div>\n\t\t\t\t\t<\/div>\n\t\t<\/section>\n\t\t\t\t\t<\/div>\n\t\t<\/div>\n\t\t\t\t\t<\/div>\n\t\t<\/section>\n\t\t\t\t<\/div>","protected":false},"excerpt":{"rendered":"<p>Cilt Bak\u0131m\u0131 Uygulamalar\u0131 Leke Tedavisi Leke tedavisi, ciltteki renk de\u011fi\u015fikliklerini gidermek i\u00e7in uygulanan bir y\u00f6ntemdir. Leke tedavisi fiyatlar\u0131, lekenin t\u00fcr\u00fcne, b\u00fcy\u00fckl\u00fc\u011f\u00fcne ve kullan\u0131lan y\u00f6nteme g\u00f6re de\u011fi\u015fir. Leke tedavisi i\u00e7in lazer, kimyasal peeling, \u0131\u015f\u0131k tedavisi gibi se\u00e7enekler vard\u0131r.\u00a0 Medikal Cilt Bak\u0131m\u0131 Medikal cilt bak\u0131m\u0131, cildin sa\u011fl\u0131\u011f\u0131n\u0131 ve g\u00f6r\u00fcn\u00fcm\u00fcn\u00fc iyile\u015ftirmek i\u00e7in uzmanlar taraf\u0131ndan uygulanan bir tedavi y\u00f6ntemidir. [&hellip;]<\/p>","protected":false},"author":2,"featured_media":6081,"parent":0,"menu_order":0,"comment_status":"closed","ping_status":"closed","template":"","meta":{"footnotes":""},"class_list":["post-5704","page","type-page","status-publish","has-post-thumbnail","hentry"],"_links":{"self":[{"href":"https:\/\/pinaguzelliksalonu.com\/en\/wp-json\/wp\/v2\/pages\/5704","targetHints":{"allow":["GET"]}}],"collection":[{"href":"https:\/\/pinaguzelliksalonu.com\/en\/wp-json\/wp\/v2\/pages"}],"about":[{"href":"https:\/\/pinaguzelliksalonu.com\/en\/wp-json\/wp\/v2\/types\/page"}],"author":[{"embeddable":true,"href":"https:\/\/pinaguzelliksalonu.com\/en\/wp-json\/wp\/v2\/users\/2"}],"replies":[{"embeddable":true,"href":"https:\/\/pinaguzelliksalonu.com\/en\/wp-json\/wp\/v2\/comments?post=5704"}],"version-history":[{"count":44,"href":"https:\/\/pinaguzelliksalonu.com\/en\/wp-json\/wp\/v2\/pages\/5704\/revisions"}],"predecessor-version":[{"id":7342,"href":"https:\/\/pinaguzelliksalonu.com\/en\/wp-json\/wp\/v2\/pages\/5704\/revisions\/7342"}],"wp:featuredmedia":[{"embeddable":true,"href":"https:\/\/pinaguzelliksalonu.com\/en\/wp-json\/wp\/v2\/media\/6081"}],"wp:attachment":[{"href":"https:\/\/pinaguzelliksalonu.com\/en\/wp-json\/wp\/v2\/media?parent=5704"}],"curies":[{"name":"wp","href":"https:\/\/api.w.org\/{rel}","templated":true}]}}