{"id":3,"date":"2023-02-02T01:30:20","date_gmt":"2023-02-02T01:30:20","guid":{"rendered":"https:\/\/pinaguzelliksalonu.com\/?page_id=3"},"modified":"2023-03-15T12:51:31","modified_gmt":"2023-03-15T12:51:31","slug":"kvkk-aydinlatma-metni","status":"publish","type":"page","link":"https:\/\/pinaguzelliksalonu.com\/en\/kvkk-aydinlatma-metni\/","title":{"rendered":"KVKK Illumination Text"},"content":{"rendered":"<p>Say\u0131n ziyaret\u00e7ilerimiz,<\/p>\n<p>Ki\u015fisel verilerin korunmas\u0131 kanunu, kullan\u0131c\u0131lar\u0131n ki\u015fisel bilgilerinin toplanmas\u0131, i\u015flenmesi ve saklanmas\u0131yla ilgili d\u00fczenlemeleri i\u00e7eren bir yasal d\u00fczenlemedir. Bu kanun kapsam\u0131nda, web sitemizdeki kullan\u0131c\u0131 bilgilerinin do\u011fru bir \u015fekilde korunmas\u0131 i\u00e7in gerekli \u00f6nlemleri al\u0131yoruz.<\/p>\n<p>Web sitemizdeki her t\u00fcrl\u00fc ki\u015fisel bilgi, yaln\u0131zca kullan\u0131c\u0131n\u0131n r\u0131zas\u0131yla toplanmaktad\u0131r. Toplanan bu bilgiler, kullan\u0131c\u0131n\u0131n taleplerine uygun hizmet sunulmas\u0131 ve kullan\u0131c\u0131n\u0131n istekleri do\u011frultusunda ileti\u015fim sa\u011flanmas\u0131 ama\u00e7lar\u0131yla i\u015flenmektedir. Ki\u015fisel verileriniz hi\u00e7bir kurum, kurulu\u015f ya da \u015fah\u0131s ile payla\u015f\u0131lmamaktad\u0131r.<\/p>\n<p>Web sitemiz, ki\u015fisel verilerin korunmas\u0131na b\u00fcy\u00fck \u00f6nem vermektedir. Bu nedenle, kullan\u0131c\u0131lar\u0131m\u0131z\u0131n ki\u015fisel bilgilerini gizli tutuyor ve g\u00fcvence alt\u0131na al\u0131yoruz. Siz de ki\u015fisel bilgilerinizin do\u011fru bir \u015fekilde korunmas\u0131n\u0131 istiyorsan\u0131z, l\u00fctfen web sitemizdeki ki\u015fisel verilerin korunmas\u0131 kanunu h\u00fck\u00fcmlerini dikkate al\u0131n\u0131z.<\/p>\n<p>Sayg\u0131lar\u0131m\u0131zla,<\/p>\n<p>Web Sitesi Y\u00f6netimi<\/p>","protected":false},"excerpt":{"rendered":"<p>Say\u0131n ziyaret\u00e7ilerimiz, Ki\u015fisel verilerin korunmas\u0131 kanunu, kullan\u0131c\u0131lar\u0131n ki\u015fisel bilgilerinin toplanmas\u0131, i\u015flenmesi ve saklanmas\u0131yla ilgili d\u00fczenlemeleri i\u00e7eren bir yasal d\u00fczenlemedir. Bu kanun kapsam\u0131nda, web sitemizdeki kullan\u0131c\u0131 bilgilerinin do\u011fru bir \u015fekilde korunmas\u0131 i\u00e7in gerekli \u00f6nlemleri al\u0131yoruz. Web sitemizdeki her t\u00fcrl\u00fc ki\u015fisel bilgi, yaln\u0131zca kullan\u0131c\u0131n\u0131n r\u0131zas\u0131yla toplanmaktad\u0131r. Toplanan bu bilgiler, kullan\u0131c\u0131n\u0131n taleplerine uygun hizmet sunulmas\u0131 ve kullan\u0131c\u0131n\u0131n istekleri [&hellip;]<\/p>","protected":false},"author":1,"featured_media":0,"parent":0,"menu_order":0,"comment_status":"closed","ping_status":"closed","template":"","meta":{"footnotes":""},"class_list":["post-3","page","type-page","status-publish","hentry"],"_links":{"self":[{"href":"https:\/\/pinaguzelliksalonu.com\/en\/wp-json\/wp\/v2\/pages\/3","targetHints":{"allow":["GET"]}}],"collection":[{"href":"https:\/\/pinaguzelliksalonu.com\/en\/wp-json\/wp\/v2\/pages"}],"about":[{"href":"https:\/\/pinaguzelliksalonu.com\/en\/wp-json\/wp\/v2\/types\/page"}],"author":[{"embeddable":true,"href":"https:\/\/pinaguzelliksalonu.com\/en\/wp-json\/wp\/v2\/users\/1"}],"replies":[{"embeddable":true,"href":"https:\/\/pinaguzelliksalonu.com\/en\/wp-json\/wp\/v2\/comments?post=3"}],"version-history":[{"count":0,"href":"https:\/\/pinaguzelliksalonu.com\/en\/wp-json\/wp\/v2\/pages\/3\/revisions"}],"wp:attachment":[{"href":"https:\/\/pinaguzelliksalonu.com\/en\/wp-json\/wp\/v2\/media?parent=3"}],"curies":[{"name":"wp","href":"https:\/\/api.w.org\/{rel}","templated":true}]}}