{"id":6861,"date":"2024-04-09T10:27:19","date_gmt":"2024-04-09T07:27:19","guid":{"rendered":"https:\/\/pinaguzelliksalonu.com\/?page_id=6861"},"modified":"2024-07-23T13:51:30","modified_gmt":"2024-07-23T10:51:30","slug":"tirnak-bakimi","status":"publish","type":"page","link":"https:\/\/pinaguzelliksalonu.com\/ar\/tirnak-bakimi\/","title":{"rendered":"T\u0131rnak Bak\u0131m\u0131"},"content":{"rendered":"<div data-elementor-type=\"wp-page\" data-elementor-id=\"6861\" class=\"elementor elementor-6861\" data-elementor-post-type=\"page\">\n\t\t\t\t\t\t<section class=\"elementor-section elementor-top-section elementor-element elementor-element-e52905c elementor-section-boxed elementor-section-height-default elementor-section-height-default\" data-id=\"e52905c\" data-element_type=\"section\">\n\t\t\t\t\t\t<div class=\"elementor-container elementor-column-gap-default\">\n\t\t\t\t\t<div class=\"elementor-column elementor-col-100 elementor-top-column elementor-element elementor-element-142cfb0\" data-id=\"142cfb0\" data-element_type=\"column\">\n\t\t\t<div class=\"elementor-widget-wrap elementor-element-populated\">\n\t\t\t\t\t\t<section class=\"elementor-section elementor-inner-section elementor-element elementor-element-ecfc531 elementor-section-boxed elementor-section-height-default elementor-section-height-default\" data-id=\"ecfc531\" data-element_type=\"section\">\n\t\t\t\t\t\t<div class=\"elementor-container elementor-column-gap-default\">\n\t\t\t\t\t<div class=\"elementor-column elementor-col-100 elementor-inner-column elementor-element elementor-element-7649802\" data-id=\"7649802\" data-element_type=\"column\">\n\t\t\t<div class=\"elementor-widget-wrap elementor-element-populated\">\n\t\t\t\t\t\t<div class=\"elementor-element elementor-element-c1822a1 elementor-widget elementor-widget-text-editor\" data-id=\"c1822a1\" data-element_type=\"widget\" data-widget_type=\"text-editor.default\">\n\t\t\t\t<div class=\"elementor-widget-container\">\n\t\t\t\t\t\t\t<h1 style=\"text-align: center;\"><span style=\"font-size: 18pt;\">T\u0131rnak Uygulamalar\u0131<\/span><\/h1>\t\t\t\t\t\t<\/div>\n\t\t\t\t<\/div>\n\t\t\t\t\t<\/div>\n\t\t<\/div>\n\t\t\t\t\t<\/div>\n\t\t<\/section>\n\t\t\t\t<section class=\"elementor-section elementor-inner-section elementor-element elementor-element-66a1c68 elementor-section-boxed elementor-section-height-default elementor-section-height-default\" data-id=\"66a1c68\" data-element_type=\"section\">\n\t\t\t\t\t\t<div class=\"elementor-container elementor-column-gap-default\">\n\t\t\t\t\t<div class=\"elementor-column elementor-col-25 elementor-inner-column elementor-element elementor-element-c76ee93\" data-id=\"c76ee93\" data-element_type=\"column\">\n\t\t\t<div class=\"elementor-widget-wrap elementor-element-populated\">\n\t\t\t\t\t\t<div data-ep-wrapper-link=\"{&quot;url&quot;:&quot;https:\\\/\\\/pinaguzelliksalonu.com\\\/maltepe-kalici-oje\\\/&quot;,&quot;is_external&quot;:&quot;&quot;,&quot;nofollow&quot;:&quot;&quot;,&quot;custom_attributes&quot;:&quot;&quot;}\" style=\"cursor: pointer\" class=\"bdt-element-link elementor-element elementor-element-0d603ba elementor-widget elementor-widget-image\" data-id=\"0d603ba\" data-element_type=\"widget\" data-widget_type=\"image.default\">\n\t\t\t\t<div class=\"elementor-widget-container\">\n\t\t\t\t\t\t\t\t\t\t\t\t\t\t<a href=\"https:\/\/pinaguzelliksalonu.com\/ar\/maltepe-kalici-oje\/\">\n\t\t\t\t\t\t\t<img fetchpriority=\"high\" decoding=\"async\" width=\"1000\" height=\"667\" src=\"https:\/\/pinaguzelliksalonu.com\/wp-content\/uploads\/2023\/02\/maltepe-kalici-oje.webp\" class=\"attachment-full size-full wp-image-1913\" alt=\"Kalici-oje-maltepe\" srcset=\"https:\/\/pinaguzelliksalonu.com\/wp-content\/uploads\/2023\/02\/maltepe-kalici-oje.webp 1000w, https:\/\/pinaguzelliksalonu.com\/wp-content\/uploads\/2023\/02\/maltepe-kalici-oje-300x200.webp 300w, https:\/\/pinaguzelliksalonu.com\/wp-content\/uploads\/2023\/02\/maltepe-kalici-oje-768x512.webp 768w, https:\/\/pinaguzelliksalonu.com\/wp-content\/uploads\/2023\/02\/maltepe-kalici-oje-18x12.webp 18w\" sizes=\"(max-width: 1000px) 100vw, 1000px\" \/>\t\t\t\t\t\t\t\t<\/a>\n\t\t\t\t\t\t\t\t\t\t\t\t\t<\/div>\n\t\t\t\t<\/div>\n\t\t\t\t<div data-ep-wrapper-link=\"{&quot;url&quot;:&quot;https:\\\/\\\/pinaguzelliksalonu.com\\\/maltepe-kalici-oje\\\/&quot;,&quot;is_external&quot;:&quot;&quot;,&quot;nofollow&quot;:&quot;&quot;,&quot;custom_attributes&quot;:&quot;&quot;}\" style=\"cursor: pointer\" class=\"bdt-element-link elementor-element elementor-element-766f319 elementor-widget elementor-widget-heading\" data-id=\"766f319\" data-element_type=\"widget\" data-widget_type=\"heading.default\">\n\t\t\t\t<div class=\"elementor-widget-container\">\n\t\t\t<h2 class=\"elementor-heading-title elementor-size-medium\"><a href=\"https:\/\/pinaguzelliksalonu.com\/ar\/maltepe-kalici-oje\/\">\u0637\u0644\u0627\u0621 \u0623\u0638\u0627\u0641\u0631 \u062f\u0627\u0626\u0645<\/a><\/h2>\t\t<\/div>\n\t\t\t\t<\/div>\n\t\t\t\t\t<\/div>\n\t\t<\/div>\n\t\t\t\t<div class=\"elementor-column elementor-col-25 elementor-inner-column elementor-element elementor-element-d246b87\" data-id=\"d246b87\" data-element_type=\"column\">\n\t\t\t<div class=\"elementor-widget-wrap elementor-element-populated\">\n\t\t\t\t\t\t<div data-ep-wrapper-link=\"{&quot;url&quot;:&quot;https:\\\/\\\/pinaguzelliksalonu.com\\\/maltepe-jel-tirnak\\\/&quot;,&quot;is_external&quot;:&quot;&quot;,&quot;nofollow&quot;:&quot;&quot;,&quot;custom_attributes&quot;:&quot;&quot;}\" style=\"cursor: pointer\" class=\"bdt-element-link elementor-element elementor-element-c275bfc elementor-widget elementor-widget-image\" data-id=\"c275bfc\" data-element_type=\"widget\" data-widget_type=\"image.default\">\n\t\t\t\t<div class=\"elementor-widget-container\">\n\t\t\t\t\t\t\t\t\t\t\t\t\t\t<a href=\"https:\/\/pinaguzelliksalonu.com\/ar\/maltepe-jel-tirnak\/\">\n\t\t\t\t\t\t\t<img decoding=\"async\" width=\"1000\" height=\"665\" src=\"https:\/\/pinaguzelliksalonu.com\/wp-content\/uploads\/2023\/02\/maltepe-jel-tirnak.webp\" class=\"attachment-full size-full wp-image-1367\" alt=\"jel-t\u0131rnak\" srcset=\"https:\/\/pinaguzelliksalonu.com\/wp-content\/uploads\/2023\/02\/maltepe-jel-tirnak.webp 1000w, https:\/\/pinaguzelliksalonu.com\/wp-content\/uploads\/2023\/02\/maltepe-jel-tirnak-300x200.webp 300w, https:\/\/pinaguzelliksalonu.com\/wp-content\/uploads\/2023\/02\/maltepe-jel-tirnak-768x511.webp 768w, https:\/\/pinaguzelliksalonu.com\/wp-content\/uploads\/2023\/02\/maltepe-jel-tirnak-18x12.webp 18w\" sizes=\"(max-width: 1000px) 100vw, 1000px\" \/>\t\t\t\t\t\t\t\t<\/a>\n\t\t\t\t\t\t\t\t\t\t\t\t\t<\/div>\n\t\t\t\t<\/div>\n\t\t\t\t<div data-ep-wrapper-link=\"{&quot;url&quot;:&quot;https:\\\/\\\/pinaguzelliksalonu.com\\\/maltepe-jel-tirnak\\\/&quot;,&quot;is_external&quot;:&quot;&quot;,&quot;nofollow&quot;:&quot;&quot;,&quot;custom_attributes&quot;:&quot;&quot;}\" style=\"cursor: pointer\" class=\"bdt-element-link elementor-element elementor-element-af16b0d elementor-widget elementor-widget-heading\" data-id=\"af16b0d\" data-element_type=\"widget\" data-widget_type=\"heading.default\">\n\t\t\t\t<div class=\"elementor-widget-container\">\n\t\t\t<h2 class=\"elementor-heading-title elementor-size-medium\"><a href=\"https:\/\/pinaguzelliksalonu.com\/ar\/maltepe-jel-tirnak\/\">\u062c\u0644 \u0627\u0644\u0623\u0638\u0627\u0641\u0631<\/a><\/h2>\t\t<\/div>\n\t\t\t\t<\/div>\n\t\t\t\t\t<\/div>\n\t\t<\/div>\n\t\t\t\t<div class=\"elementor-column elementor-col-25 elementor-inner-column elementor-element elementor-element-68d2006\" data-id=\"68d2006\" data-element_type=\"column\">\n\t\t\t<div class=\"elementor-widget-wrap elementor-element-populated\">\n\t\t\t\t\t\t<div data-ep-wrapper-link=\"{&quot;url&quot;:&quot;https:\\\/\\\/pinaguzelliksalonu.com\\\/maltepe-manikur-pedikur\\\/&quot;,&quot;is_external&quot;:&quot;&quot;,&quot;nofollow&quot;:&quot;&quot;,&quot;custom_attributes&quot;:&quot;&quot;}\" style=\"cursor: pointer\" class=\"bdt-element-link elementor-element elementor-element-674bacb elementor-widget elementor-widget-image\" data-id=\"674bacb\" data-element_type=\"widget\" data-widget_type=\"image.default\">\n\t\t\t\t<div class=\"elementor-widget-container\">\n\t\t\t\t\t\t\t\t\t\t\t\t\t\t<a href=\"https:\/\/pinaguzelliksalonu.com\/ar\/maltepe-manikur-pedikur\/\">\n\t\t\t\t\t\t\t<img decoding=\"async\" width=\"1000\" height=\"667\" src=\"https:\/\/pinaguzelliksalonu.com\/wp-content\/uploads\/2023\/02\/maltepe-manikur.webp\" class=\"attachment-full size-full wp-image-1631\" alt=\"maltepe-manikur-pedikur\" srcset=\"https:\/\/pinaguzelliksalonu.com\/wp-content\/uploads\/2023\/02\/maltepe-manikur.webp 1000w, https:\/\/pinaguzelliksalonu.com\/wp-content\/uploads\/2023\/02\/maltepe-manikur-300x200.webp 300w, https:\/\/pinaguzelliksalonu.com\/wp-content\/uploads\/2023\/02\/maltepe-manikur-768x512.webp 768w, https:\/\/pinaguzelliksalonu.com\/wp-content\/uploads\/2023\/02\/maltepe-manikur-18x12.webp 18w\" sizes=\"(max-width: 1000px) 100vw, 1000px\" \/>\t\t\t\t\t\t\t\t<\/a>\n\t\t\t\t\t\t\t\t\t\t\t\t\t<\/div>\n\t\t\t\t<\/div>\n\t\t\t\t<div data-ep-wrapper-link=\"{&quot;url&quot;:&quot;https:\\\/\\\/pinaguzelliksalonu.com\\\/maltepe-manikur-pedikur\\\/&quot;,&quot;is_external&quot;:&quot;&quot;,&quot;nofollow&quot;:&quot;&quot;,&quot;custom_attributes&quot;:&quot;&quot;}\" style=\"cursor: pointer\" class=\"bdt-element-link elementor-element elementor-element-9a7d720 elementor-widget elementor-widget-heading\" data-id=\"9a7d720\" data-element_type=\"widget\" data-widget_type=\"heading.default\">\n\t\t\t\t<div class=\"elementor-widget-container\">\n\t\t\t<h2 class=\"elementor-heading-title elementor-size-medium\"><a href=\"https:\/\/pinaguzelliksalonu.com\/ar\/maltepe-manikur-pedikur\/\">Manik\u00fcr - Pedik\u00fcr<\/a><\/h2>\t\t<\/div>\n\t\t\t\t<\/div>\n\t\t\t\t\t<\/div>\n\t\t<\/div>\n\t\t\t\t<div class=\"elementor-column elementor-col-25 elementor-inner-column elementor-element elementor-element-cbbc75b\" data-id=\"cbbc75b\" data-element_type=\"column\">\n\t\t\t<div class=\"elementor-widget-wrap elementor-element-populated\">\n\t\t\t\t\t\t<div data-ep-wrapper-link=\"{&quot;url&quot;:&quot;https:\\\/\\\/pinaguzelliksalonu.com\\\/maltepe-protez-tirnak\\\/&quot;,&quot;is_external&quot;:&quot;&quot;,&quot;nofollow&quot;:&quot;&quot;,&quot;custom_attributes&quot;:&quot;&quot;}\" style=\"cursor: pointer\" class=\"bdt-element-link elementor-element elementor-element-8b8ac32 elementor-widget elementor-widget-image\" data-id=\"8b8ac32\" data-element_type=\"widget\" data-widget_type=\"image.default\">\n\t\t\t\t<div class=\"elementor-widget-container\">\n\t\t\t\t\t\t\t\t\t\t\t\t\t\t<a href=\"https:\/\/pinaguzelliksalonu.com\/ar\/maltepe-protez-tirnak\/\">\n\t\t\t\t\t\t\t<img loading=\"lazy\" decoding=\"async\" width=\"1000\" height=\"667\" src=\"https:\/\/pinaguzelliksalonu.com\/wp-content\/uploads\/2023\/03\/protez-tirnak.webp\" class=\"attachment-full size-full wp-image-2854\" alt=\"Jel-t\u0130rnak\" srcset=\"https:\/\/pinaguzelliksalonu.com\/wp-content\/uploads\/2023\/03\/protez-tirnak.webp 1000w, https:\/\/pinaguzelliksalonu.com\/wp-content\/uploads\/2023\/03\/protez-tirnak-300x200.webp 300w, https:\/\/pinaguzelliksalonu.com\/wp-content\/uploads\/2023\/03\/protez-tirnak-768x512.webp 768w, https:\/\/pinaguzelliksalonu.com\/wp-content\/uploads\/2023\/03\/protez-tirnak-18x12.webp 18w\" sizes=\"(max-width: 1000px) 100vw, 1000px\" \/>\t\t\t\t\t\t\t\t<\/a>\n\t\t\t\t\t\t\t\t\t\t\t\t\t<\/div>\n\t\t\t\t<\/div>\n\t\t\t\t<div data-ep-wrapper-link=\"{&quot;url&quot;:&quot;https:\\\/\\\/pinaguzelliksalonu.com\\\/maltepe-protez-tirnak\\\/&quot;,&quot;is_external&quot;:&quot;&quot;,&quot;nofollow&quot;:&quot;&quot;,&quot;custom_attributes&quot;:&quot;&quot;}\" style=\"cursor: pointer\" class=\"bdt-element-link elementor-element elementor-element-ff091a8 elementor-widget elementor-widget-heading\" data-id=\"ff091a8\" data-element_type=\"widget\" data-widget_type=\"heading.default\">\n\t\t\t\t<div class=\"elementor-widget-container\">\n\t\t\t<h2 class=\"elementor-heading-title elementor-size-medium\"><a href=\"https:\/\/pinaguzelliksalonu.com\/ar\/maltepe-protez-tirnak\/\">\u0645\u0633\u0645\u0627\u0631 \u0627\u0635\u0637\u0646\u0627\u0639\u064a<\/a><\/h2>\t\t<\/div>\n\t\t\t\t<\/div>\n\t\t\t\t\t<\/div>\n\t\t<\/div>\n\t\t\t\t\t<\/div>\n\t\t<\/section>\n\t\t\t\t\t<\/div>\n\t\t<\/div>\n\t\t\t\t\t<\/div>\n\t\t<\/section>\n\t\t\t\t<section class=\"elementor-section elementor-top-section elementor-element elementor-element-e0711ce elementor-section-boxed elementor-section-height-default elementor-section-height-default\" data-id=\"e0711ce\" data-element_type=\"section\">\n\t\t\t\t\t\t<div class=\"elementor-container elementor-column-gap-default\">\n\t\t\t\t\t<div class=\"elementor-column elementor-col-100 elementor-top-column elementor-element elementor-element-20407dc\" data-id=\"20407dc\" data-element_type=\"column\">\n\t\t\t<div class=\"elementor-widget-wrap elementor-element-populated\">\n\t\t\t\t\t\t<div class=\"elementor-element elementor-element-2376d18 elementor-widget elementor-widget-spacer\" data-id=\"2376d18\" data-element_type=\"widget\" data-widget_type=\"spacer.default\">\n\t\t\t\t<div class=\"elementor-widget-container\">\n\t\t\t\t\t<div class=\"elementor-spacer\">\n\t\t\t<div class=\"elementor-spacer-inner\"><\/div>\n\t\t<\/div>\n\t\t\t\t<\/div>\n\t\t\t\t<\/div>\n\t\t\t\t\t<\/div>\n\t\t<\/div>\n\t\t\t\t\t<\/div>\n\t\t<\/section>\n\t\t\t\t<\/div>","protected":false},"excerpt":{"rendered":"<p>T\u0131rnak Uygulamalar\u0131 Kal\u0131c\u0131 Oje Jel T\u0131rnak Manik\u00fcr &#8211; Pedik\u00fcr Protez T\u0131rnak<\/p>","protected":false},"author":2,"featured_media":5567,"parent":0,"menu_order":0,"comment_status":"closed","ping_status":"closed","template":"","meta":{"footnotes":""},"class_list":["post-6861","page","type-page","status-publish","has-post-thumbnail","hentry"],"_links":{"self":[{"href":"https:\/\/pinaguzelliksalonu.com\/ar\/wp-json\/wp\/v2\/pages\/6861","targetHints":{"allow":["GET"]}}],"collection":[{"href":"https:\/\/pinaguzelliksalonu.com\/ar\/wp-json\/wp\/v2\/pages"}],"about":[{"href":"https:\/\/pinaguzelliksalonu.com\/ar\/wp-json\/wp\/v2\/types\/page"}],"author":[{"embeddable":true,"href":"https:\/\/pinaguzelliksalonu.com\/ar\/wp-json\/wp\/v2\/users\/2"}],"replies":[{"embeddable":true,"href":"https:\/\/pinaguzelliksalonu.com\/ar\/wp-json\/wp\/v2\/comments?post=6861"}],"version-history":[{"count":26,"href":"https:\/\/pinaguzelliksalonu.com\/ar\/wp-json\/wp\/v2\/pages\/6861\/revisions"}],"predecessor-version":[{"id":7158,"href":"https:\/\/pinaguzelliksalonu.com\/ar\/wp-json\/wp\/v2\/pages\/6861\/revisions\/7158"}],"wp:featuredmedia":[{"embeddable":true,"href":"https:\/\/pinaguzelliksalonu.com\/ar\/wp-json\/wp\/v2\/media\/5567"}],"wp:attachment":[{"href":"https:\/\/pinaguzelliksalonu.com\/ar\/wp-json\/wp\/v2\/media?parent=6861"}],"curies":[{"name":"wp","href":"https:\/\/api.w.org\/{rel}","templated":true}]}}